{"id":11729,"date":"2025-01-10T11:47:56","date_gmt":"2025-01-10T11:47:56","guid":{"rendered":"https:\/\/kolmsibulat.eu\/gruppovoe-bronirovanie\/"},"modified":"2025-11-06T12:40:47","modified_gmt":"2025-11-06T12:40:47","slug":"gruppovoe-bronirovanie","status":"publish","type":"page","link":"https:\/\/kolmsibulat.eu\/ru\/gruppovoe-bronirovanie\/","title":{"rendered":"\u0413\u0440\u0443\u043f\u043f\u043e\u0432\u043e\u0435 \u0431\u0440\u043e\u043d\u0438\u0440\u043e\u0432\u0430\u043d\u0438\u0435"},"content":{"rendered":"<div class=\"two-column-layout\">\n<div class=\"left-column\">\n<p style=\"text-align: center;\"><strong>\u0425\u043e\u0442\u0438\u0442\u0435 \u043e\u0442\u043c\u0435\u0442\u0438\u0442\u044c \u0434\u0435\u043d\u044c \u0440\u043e\u0436\u0434\u0435\u043d\u0438\u044f, \u043f\u0440\u043e\u0432\u0435\u0441\u0442\u0438 \u043a\u043e\u0440\u043f\u043e\u0440\u0430\u0442\u0438\u0432\u043d\u043e\u0435 \u043c\u0435\u0440\u043e\u043f\u0440\u0438\u044f\u0442\u0438\u0435 \u0432 \u0440\u0435\u0441\u0442\u043e\u0440\u0430\u043d\u0435 \u0438\u043b\u0438 \u043f\u0440\u043e\u0441\u0442\u043e \u043f\u0440\u0438\u044f\u0442\u043d\u043e \u043f\u0440\u043e\u0432\u0435\u0441\u0442\u0438 \u0432\u0440\u0435\u043c\u044f \u0432 \u043a\u043e\u043c\u043f\u0430\u043d\u0438\u0438 \u0431\u043e\u043b\u044c\u0448\u043e\u0439 \u0433\u0440\u0443\u043f\u043f\u044b?<\/strong><\/p>\n<p style=\"text-align: center;\">\u0414\u043b\u044f \u0433\u0440\u0443\u043f\u043f \u043e\u0442 \u0441\u0435\u043c\u0438 \u0447\u0435\u043b\u043e\u0432\u0435\u043a \u043c\u044b \u043f\u0440\u0435\u0434\u043b\u0430\u0433\u0430\u0435\u043c \u0432\u043e\u0437\u043c\u043e\u0436\u043d\u043e\u0441\u0442\u044c \u0433\u0440\u0443\u043f\u043f\u043e\u0432\u043e\u0433\u043e \u0431\u0440\u043e\u043d\u0438\u0440\u043e\u0432\u0430\u043d\u0438\u044f.<br \/>\n\u041d\u0430\u0448 \u0440\u0435\u0441\u0442\u043e\u0440\u0430\u043d \u0432\u043c\u0435\u0449\u0430\u0435\u0442 \u0434\u043e 100 \u0433\u043e\u0441\u0442\u0435\u0439.<\/p>\n<p style=\"text-align: center;\">\u041d\u0430\u043f\u0438\u0448\u0438\u0442\u0435 \u043d\u0430 \u0430\u0434\u0440\u0435\u0441 <a href=\"mailto:juhataja@kolmsibulat.eu\" rel=\"noopener\">juhataja@kolmsibulat.eu<\/a> \u0438\u043b\u0438 \u043f\u043e\u0437\u0432\u043e\u043d\u0438\u0442\u0435 \u043f\u043e \u043d\u043e\u043c\u0435\u0440\u0443 +372 66 44 055, \u0438 \u043c\u044b \u043e\u0431\u0441\u0443\u0434\u0438\u043c \u0432\u0441\u0435 \u0434\u0435\u0442\u0430\u043b\u0438, \u0447\u0442\u043e\u0431\u044b \u043e\u0440\u0433\u0430\u043d\u0438\u0437\u043e\u0432\u0430\u0442\u044c \u0432\u0430\u0448\u0435 \u043e\u0441\u043e\u0431\u0435\u043d\u043d\u043e\u0435 \u043c\u0435\u0440\u043e\u043f\u0440\u0438\u044f\u0442\u0438\u0435.<\/p>\n<p>&nbsp;<\/p>\n<p style=\"text-align: center;\"><strong>\u041e\u0437\u043d\u0430\u043a\u043e\u043c\u044c\u0442\u0435\u0441\u044c \u0441 \u0432\u0430\u0440\u0438\u0430\u043d\u0442\u0430\u043c\u0438 \u0433\u0440\u0443\u043f\u043f\u043e\u0432\u043e\u0433\u043e \u043c\u0435\u043d\u044e:<\/strong><\/p>\n<div style=\"text-align: center; font-size: 16px;\">\n<h5 style=\"color: #5f7c3a;\"><strong>J\u00d5ULUMEN\u00dc\u00dc<\/strong><\/h5>\n<p class=\"p1\">MULGIKAPSA-KRUUBI ARANCINI, Iberico sink, parmesani ja sinepikreem<\/p>\n<p class=\"p1\">PARDIRIND, j\u00f5uluv\u00fcrtsid, k\u00f5rvitsakreem, r\u00f6stitud porgandid, kr\u00f5be lehtkapsas<\/p>\n<p class=\"p1\">\u0160OKOLAADIKREEM, ploomid kardemoniga, soolakaramell, vahvlipuru<\/p>\n<p> Vesi gaasiga v\u00f5i ilma<br \/> K\u00f5rvitsaseemnete sai, v\u00f5i basiiliku ja ume seesami seemnetega <\/p>\n<h5 style=\"color: #5f7c3a;\"><strong>MEN\u00dc\u00dc 1<\/strong><\/h5>\n<p class=\"p1\">P\u00d5RSARIBID, magus BBQ glasuur, Kolme Sibula kimchi (G)<\/p>\n<p class=\"p1\">KANA\u0160NITSEL, maap\u00e4hklikaste, Rooma salat, Caesari kaste, sidrunijuust (L)<\/p>\n<p class=\"p1\">KIREVILJA CURD KREEM, v\u00e4rsked mustikad, kireviljamoos, k\u00fcpsetatud valge \u0161okolaad (L,G,V,Vegan)<\/p>\n<p> Vesi gaasiga v\u00f5i ilma<br \/> K\u00f5rvitsaseemnete sai, v\u00f5i basiiliku ja ume seesami seemnetega <\/p>\n<h5 style=\"color: #5f7c3a;\"><strong>MEN\u00dc\u00dc 3<\/strong><\/h5>\n<p class=\"p1\">HIIDKREVETID V\u00d5IS, kuum ingveri-\u00fcrdiv\u00f5i, k\u00e4sit\u00f6\u00f6 brioche sai<\/p>\n<p class=\"p1\">KR\u00d5BE ANGERS\u00c4GA, tamarindiglasuur, kapsa ja kartuli frittata, jogurti tartar kaste (L)<\/p>\n<p class=\"p1\">\u0160OKOLAADIKREEM, ploomid kardemoniga, soolakaramell, vahvlipuru<\/p>\n<p> Vesi gaasiga v\u00f5i ilma<br \/> K\u00f5rvitsaseemnete sai, v\u00f5i basiiliku ja ume seesami seemnetega <\/p>\n<h5 style=\"color: #5f7c3a;\"><strong>MEN\u00dc\u00dc 4 \u2013 DELUX<\/strong><\/h5>\n<p class=\"p1\">MERIFORELLI CEVICHE, laimi ja ponzu kaste, t\u0161illimoos, riisit\u0161ips (G,L)<\/p>\n<p class=\"p1\">VEISE ABAFILEESTEIK, v\u00f5iubade ja kimchi-raguu, veinikaste (G,L)<\/p>\n<p class=\"p1\">DUBAI PISTAATSIA TIRAMISU, kataifi, rohelised pistaatsiad (V)<\/p>\n<p> Vesi gaasiga v\u00f5i ilma<br \/> K\u00f5rvitsaseemnete sai, v\u00f5i basiiliku ja ume seesami seemnetega <\/p>\n<h5 style=\"color: #5f7c3a;\"><strong>MEN\u00dc\u00dc VEGAN<\/strong><\/h5>\n<p class=\"p1\">BAKLA\u017dAAN TEMPURA, sriracha mayo, granaat\u00f5un, ploom-tomati confit (L,V)<\/p>\n<p class=\"p1\">PORTOBELLO \u0160NITSEL, v\u00f5iubade ja kimchi-raguu, musta oa aioli (L,V,Vegan)<\/p>\n<p class=\"p1\">KIREVILJA CURD KREEM, v\u00e4rsked mustikad, kireviljamoos, k\u00fcpsetatud valge \u0161okolaad (L,G,V,Vegan)<\/p>\n<p> Vesi gaasiga v\u00f5i ilma<br \/> K\u00f5rvitsaseemnete sai, v\u00f5i basiiliku ja ume seesami seemnetega <\/p>\n<h5 style=\"color: #5f7c3a;\"><strong>TERVITUSJOOGI SOOVITUSED<\/strong><\/h5>\n<p> Cava Vintage Brut 2022, Marques de la Concordia, Hispaania<br \/> Cava 0% alkoholivaba, Murviedro Brut, Hispaania <\/p>\n<h5 style=\"color: #5f7c3a;\"><strong>VEINISOOVITUSED<\/strong><\/h5>\n<p> <strong>VAHUVEIN \/ \u0160AMPANJA:<\/strong><br \/> 2021 Krone Ros\u00e9 Cuv\u00e9e Brut, L\u00f5una-Aafrika<br \/> 2022 Cr\u00e9mant G\u00e9rard Bertrand H\u00e9ritage Brut, Prantsusmaa<br \/> NV Champagne Veuve Clicquot Brut Reserve Cuv\u00e9e<\/p>\n<p><strong>VALGE VEIN:<\/strong><br \/>\n2023 Vermentino Primo Bianco, Itaalia<br \/>\n2023 Gr\u00fcner Veltliner Strass, Austria (mahe)<br \/>\n2023 Albari\u00f1o, Lagar de Costa, Hispaania<\/p>\n<p><strong>ROOSA VEIN:<\/strong><br \/>\n2023 Ch\u00e2teau Minuty M Ros\u00e9, Prantsusmaa<\/p>\n<p><strong>PUNANE VEIN:<\/strong><br \/>\n2022 Pinot Noir, G\u00e9rard Bertrand, Prantsusmaa (mahe)<br \/>\n2022 Valpolicella Valpantena DOC, Bertani, Itaalia<br \/>\n2022 Malbec, La Mascota, Argentina<\/p>\n<\/div>\n<div style=\"text-align: center;\"><a href=\"https:\/\/kolmsibulat.eu\/wp-content\/uploads\/2024\/05\/kolm-sibulat-17.jpg\">\u00a0<\/a><\/div>\n<\/div>\n<\/div>\n<\/div>\n<p>&nbsp;<\/p>\n<div style=\"text-align: center;\"><a href=\"https:\/\/kolmsibulat.eu\/wp-content\/uploads\/2024\/05\/kolm-sibulat-17.jpg\"><br \/>\n<img decoding=\"async\" style=\"width: 100%; height: auto; margin-bottom: 20px;\" src=\"https:\/\/kolmsibulat.eu\/wp-content\/uploads\/2024\/05\/kolm-sibulat-17.jpg\" alt=\"Kolm Sibulat interj\u00f6\u00f6r\" \/><br \/>\n<\/a><br \/>\n<a href=\"https:\/\/kolmsibulat.eu\/wp-content\/uploads\/2025\/05\/kolmsibulat_terrass-scaled.png\"><br \/>\n<img decoding=\"async\" style=\"width: 100%; height: auto;\" src=\"https:\/\/kolmsibulat.eu\/wp-content\/uploads\/2025\/05\/kolmsibulat_terrass-scaled.png\" alt=\"Kolm Sibulat terrass\" \/><br \/>\n<\/a><\/div>\n","protected":false},"excerpt":{"rendered":"<p>\u0425\u043e\u0442\u0438\u0442\u0435 \u043e\u0442\u043c\u0435\u0442\u0438\u0442\u044c \u0434\u0435\u043d\u044c \u0440\u043e\u0436\u0434\u0435\u043d\u0438\u044f, \u043f\u0440\u043e\u0432\u0435\u0441\u0442\u0438 \u043a\u043e\u0440\u043f\u043e\u0440\u0430\u0442\u0438\u0432\u043d\u043e\u0435 \u043c\u0435\u0440\u043e\u043f\u0440\u0438\u044f\u0442\u0438\u0435 \u0432 \u0440\u0435\u0441\u0442\u043e\u0440\u0430\u043d\u0435 \u0438\u043b\u0438 \u043f\u0440\u043e\u0441\u0442\u043e \u043f\u0440\u0438\u044f\u0442\u043d\u043e \u043f\u0440\u043e\u0432\u0435\u0441\u0442\u0438 \u0432\u0440\u0435\u043c\u044f \u0432 \u043a\u043e\u043c\u043f\u0430\u043d\u0438\u0438 \u0431\u043e\u043b\u044c\u0448\u043e\u0439 \u0433\u0440\u0443\u043f\u043f\u044b? \u0414\u043b\u044f \u0433\u0440\u0443\u043f\u043f \u043e\u0442 \u0441\u0435\u043c\u0438 \u0447\u0435\u043b\u043e\u0432\u0435\u043a \u043c\u044b \u043f\u0440\u0435\u0434\u043b\u0430\u0433\u0430\u0435\u043c \u0432\u043e\u0437\u043c\u043e\u0436\u043d\u043e\u0441\u0442\u044c \u0433\u0440\u0443\u043f\u043f\u043e\u0432\u043e\u0433\u043e \u0431\u0440\u043e\u043d\u0438\u0440\u043e\u0432\u0430\u043d\u0438\u044f. \u041d\u0430\u0448 \u0440\u0435\u0441\u0442\u043e\u0440\u0430\u043d \u0432\u043c\u0435\u0449\u0430\u0435\u0442 \u0434\u043e 100 \u0433\u043e\u0441\u0442\u0435\u0439. \u041d\u0430\u043f\u0438\u0448\u0438\u0442\u0435 \u043d\u0430 \u0430\u0434\u0440\u0435\u0441 juhataja@kolmsibulat.eu \u0438\u043b\u0438 \u043f\u043e\u0437\u0432\u043e\u043d\u0438\u0442\u0435 \u043f\u043e \u043d\u043e\u043c\u0435\u0440\u0443 +372 66 44 055, \u0438 \u043c\u044b \u043e\u0431\u0441\u0443\u0434\u0438\u043c \u0432\u0441\u0435 \u0434\u0435\u0442\u0430\u043b\u0438, \u0447\u0442\u043e\u0431\u044b \u043e\u0440\u0433\u0430\u043d\u0438\u0437\u043e\u0432\u0430\u0442\u044c \u0432\u0430\u0448\u0435 \u043e\u0441\u043e\u0431\u0435\u043d\u043d\u043e\u0435 \u043c\u0435\u0440\u043e\u043f\u0440\u0438\u044f\u0442\u0438\u0435. &nbsp; \u041e\u0437\u043d\u0430\u043a\u043e\u043c\u044c\u0442\u0435\u0441\u044c \u0441 \u0432\u0430\u0440\u0438\u0430\u043d\u0442\u0430\u043c\u0438 \u0433\u0440\u0443\u043f\u043f\u043e\u0432\u043e\u0433\u043e \u043c\u0435\u043d\u044e: J\u00d5ULUMEN\u00dc\u00dc MULGIKAPSA-KRUUBI ARANCINI, Iberico sink, parmesani ja sinepikreem PARDIRIND, j\u00f5uluv\u00fcrtsid, k\u00f5rvitsakreem, r\u00f6stitud porgandid, kr\u00f5be lehtkapsas \u0160OKOLAADIKREEM, ploomid kardemoniga, soolakaramell, vahvlipuru Vesi gaasiga v\u00f5i ilma K\u00f5rvitsaseemnete sai, v\u00f5i basiiliku ja ume seesami seemnetega MEN\u00dc\u00dc 1 P\u00d5RSARIBID, magus BBQ glasuur, Kolme Sibula kimchi (G) KANA\u0160NITSEL, maap\u00e4hklikaste, Rooma salat, Caesari kaste, sidrunijuust (L) KIREVILJA CURD KREEM, v\u00e4rsked mustikad, kireviljamoos, k\u00fcpsetatud valge \u0161okolaad (L,G,V,Vegan) Vesi gaasiga v\u00f5i ilma K\u00f5rvitsaseemnete sai, v\u00f5i basiiliku ja ume seesami seemnetega MEN\u00dc\u00dc 3 HIIDKREVETID V\u00d5IS, kuum ingveri-\u00fcrdiv\u00f5i, k\u00e4sit\u00f6\u00f6 brioche sai KR\u00d5BE ANGERS\u00c4GA, tamarindiglasuur, kapsa ja kartuli frittata, jogurti tartar kaste (L) \u0160OKOLAADIKREEM, ploomid kardemoniga, soolakaramell, vahvlipuru Vesi gaasiga v\u00f5i ilma K\u00f5rvitsaseemnete sai, v\u00f5i basiiliku ja ume seesami seemnetega MEN\u00dc\u00dc 4 \u2013 DELUX MERIFORELLI CEVICHE, laimi ja ponzu kaste, t\u0161illimoos, riisit\u0161ips (G,L) VEISE ABAFILEESTEIK, v\u00f5iubade ja kimchi-raguu, veinikaste (G,L) DUBAI PISTAATSIA TIRAMISU, kataifi, rohelised pistaatsiad (V) Vesi gaasiga v\u00f5i ilma K\u00f5rvitsaseemnete sai, v\u00f5i basiiliku ja ume seesami seemnetega MEN\u00dc\u00dc VEGAN BAKLA\u017dAAN TEMPURA, sriracha mayo, granaat\u00f5un, ploom-tomati confit (L,V) PORTOBELLO \u0160NITSEL, v\u00f5iubade ja kimchi-raguu, musta oa aioli (L,V,Vegan) KIREVILJA CURD KREEM, v\u00e4rsked mustikad, kireviljamoos, k\u00fcpsetatud valge \u0161okolaad (L,G,V,Vegan) Vesi gaasiga v\u00f5i ilma K\u00f5rvitsaseemnete sai, v\u00f5i basiiliku ja ume seesami seemnetega TERVITUSJOOGI SOOVITUSED Cava Vintage Brut 2022, Marques de la Concordia, Hispaania Cava 0% alkoholivaba, Murviedro Brut, Hispaania VEINISOOVITUSED VAHUVEIN \/ \u0160AMPANJA: 2021 Krone Ros\u00e9 Cuv\u00e9e Brut, L\u00f5una-Aafrika 2022 Cr\u00e9mant G\u00e9rard Bertrand H\u00e9ritage Brut, Prantsusmaa NV Champagne Veuve Clicquot Brut Reserve Cuv\u00e9e VALGE VEIN: 2023 Vermentino Primo Bianco, Itaalia 2023&#8230; <\/p>\n<p><a class=\"readmore\" href=\"https:\/\/kolmsibulat.eu\/ru\/gruppovoe-bronirovanie\/\">Continue Reading<\/a><\/p>\n","protected":false},"author":6,"featured_media":0,"parent":0,"menu_order":0,"comment_status":"closed","ping_status":"closed","template":"","meta":{"footnotes":""},"class_list":["post-11729","page","type-page","status-publish","hentry"],"yoast_head":"<!-- This site is optimized with the Yoast SEO plugin v26.9 - https:\/\/yoast.com\/product\/yoast-seo-wordpress\/ -->\n<title>\u0413\u0440\u0443\u043f\u043f\u043e\u0432\u043e\u0435 \u0431\u0440\u043e\u043d\u0438\u0440\u043e\u0432\u0430\u043d\u0438\u0435 - Kolm Sibulat - \u041c\u0435\u0440\u043e\u043f\u0440\u0438\u044f\u0442\u0438\u0435 \u0432 \u0440\u0435\u0441\u0442\u043e\u0440\u0430\u043d\u0435<\/title>\n<meta name=\"description\" content=\"\u0413\u0440\u0443\u043f\u043f\u043e\u0432\u044b\u0435 \u0431\u0440\u043e\u043d\u0438\u0440\u043e\u0432\u0430\u043d\u0438\u044f \u0434\u043b\u044f \u043f\u0440\u0430\u0437\u0434\u043d\u043e\u0432\u0430\u043d\u0438\u044f \u0434\u043d\u0435\u0439 \u0440\u043e\u0436\u0434\u0435\u043d\u0438\u0439, \u043a\u043e\u0440\u043f\u043e\u0440\u0430\u0442\u0438\u0432\u043d\u044b\u0445 \u043c\u0435\u0440\u043e\u043f\u0440\u0438\u044f\u0442\u0438\u0439 \u0438 \u0434\u0440\u0443\u0433\u0438\u0445 \u0441\u043e\u0431\u044b\u0442\u0438\u0439. \u0420\u0435\u0441\u0442\u043e\u0440\u0430\u043d Kolm Sibulat \u0432\u043c\u0435\u0449\u0430\u0435\u0442 \u0434\u043e 100 \u0433\u043e\u0441\u0442\u0435\u0439.\" \/>\n<meta name=\"robots\" content=\"index, follow, max-snippet:-1, max-image-preview:large, max-video-preview:-1\" \/>\n<link rel=\"canonical\" href=\"https:\/\/kolmsibulat.eu\/ru\/gruppovoe-bronirovanie\/\" \/>\n<meta property=\"og:locale\" content=\"ru_RU\" \/>\n<meta property=\"og:type\" content=\"article\" \/>\n<meta property=\"og:title\" content=\"\u0413\u0440\u0443\u043f\u043f\u043e\u0432\u043e\u0435 \u0431\u0440\u043e\u043d\u0438\u0440\u043e\u0432\u0430\u043d\u0438\u0435 - Kolm Sibulat - \u041c\u0435\u0440\u043e\u043f\u0440\u0438\u044f\u0442\u0438\u0435 \u0432 \u0440\u0435\u0441\u0442\u043e\u0440\u0430\u043d\u0435\" \/>\n<meta property=\"og:description\" content=\"\u0413\u0440\u0443\u043f\u043f\u043e\u0432\u044b\u0435 \u0431\u0440\u043e\u043d\u0438\u0440\u043e\u0432\u0430\u043d\u0438\u044f \u0434\u043b\u044f \u043f\u0440\u0430\u0437\u0434\u043d\u043e\u0432\u0430\u043d\u0438\u044f \u0434\u043d\u0435\u0439 \u0440\u043e\u0436\u0434\u0435\u043d\u0438\u0439, \u043a\u043e\u0440\u043f\u043e\u0440\u0430\u0442\u0438\u0432\u043d\u044b\u0445 \u043c\u0435\u0440\u043e\u043f\u0440\u0438\u044f\u0442\u0438\u0439 \u0438 \u0434\u0440\u0443\u0433\u0438\u0445 \u0441\u043e\u0431\u044b\u0442\u0438\u0439. \u0420\u0435\u0441\u0442\u043e\u0440\u0430\u043d Kolm Sibulat \u0432\u043c\u0435\u0449\u0430\u0435\u0442 \u0434\u043e 100 \u0433\u043e\u0441\u0442\u0435\u0439.\" \/>\n<meta property=\"og:url\" content=\"https:\/\/kolmsibulat.eu\/ru\/gruppovoe-bronirovanie\/\" \/>\n<meta property=\"og:site_name\" content=\"Kolm Sibulat\" \/>\n<meta property=\"article:modified_time\" content=\"2025-11-06T12:40:47+00:00\" \/>\n<meta property=\"og:image\" content=\"https:\/\/kolmsibulat.eu\/wp-content\/uploads\/2024\/05\/kolm-sibulat-17.jpg\" \/>\n<meta name=\"twitter:card\" content=\"summary_large_image\" \/>\n<meta name=\"twitter:label1\" content=\"\u041f\u0440\u0438\u043c\u0435\u0440\u043d\u043e\u0435 \u0432\u0440\u0435\u043c\u044f \u0434\u043b\u044f \u0447\u0442\u0435\u043d\u0438\u044f\" \/>\n\t<meta name=\"twitter:data1\" content=\"3 \u043c\u0438\u043d\u0443\u0442\u044b\" \/>\n<script type=\"application\/ld+json\" class=\"yoast-schema-graph\">{\"@context\":\"https:\/\/schema.org\",\"@graph\":[{\"@type\":\"WebPage\",\"@id\":\"https:\/\/kolmsibulat.eu\/ru\/gruppovoe-bronirovanie\/\",\"url\":\"https:\/\/kolmsibulat.eu\/ru\/gruppovoe-bronirovanie\/\",\"name\":\"\u0413\u0440\u0443\u043f\u043f\u043e\u0432\u043e\u0435 \u0431\u0440\u043e\u043d\u0438\u0440\u043e\u0432\u0430\u043d\u0438\u0435 - Kolm Sibulat - \u041c\u0435\u0440\u043e\u043f\u0440\u0438\u044f\u0442\u0438\u0435 \u0432 \u0440\u0435\u0441\u0442\u043e\u0440\u0430\u043d\u0435\",\"isPartOf\":{\"@id\":\"https:\/\/kolmsibulat.eu\/#website\"},\"primaryImageOfPage\":{\"@id\":\"https:\/\/kolmsibulat.eu\/ru\/gruppovoe-bronirovanie\/#primaryimage\"},\"image\":{\"@id\":\"https:\/\/kolmsibulat.eu\/ru\/gruppovoe-bronirovanie\/#primaryimage\"},\"thumbnailUrl\":\"https:\/\/kolmsibulat.eu\/wp-content\/uploads\/2024\/05\/kolm-sibulat-17.jpg\",\"datePublished\":\"2025-01-10T11:47:56+00:00\",\"dateModified\":\"2025-11-06T12:40:47+00:00\",\"description\":\"\u0413\u0440\u0443\u043f\u043f\u043e\u0432\u044b\u0435 \u0431\u0440\u043e\u043d\u0438\u0440\u043e\u0432\u0430\u043d\u0438\u044f \u0434\u043b\u044f \u043f\u0440\u0430\u0437\u0434\u043d\u043e\u0432\u0430\u043d\u0438\u044f \u0434\u043d\u0435\u0439 \u0440\u043e\u0436\u0434\u0435\u043d\u0438\u0439, \u043a\u043e\u0440\u043f\u043e\u0440\u0430\u0442\u0438\u0432\u043d\u044b\u0445 \u043c\u0435\u0440\u043e\u043f\u0440\u0438\u044f\u0442\u0438\u0439 \u0438 \u0434\u0440\u0443\u0433\u0438\u0445 \u0441\u043e\u0431\u044b\u0442\u0438\u0439. \u0420\u0435\u0441\u0442\u043e\u0440\u0430\u043d Kolm Sibulat \u0432\u043c\u0435\u0449\u0430\u0435\u0442 \u0434\u043e 100 \u0433\u043e\u0441\u0442\u0435\u0439.\",\"breadcrumb\":{\"@id\":\"https:\/\/kolmsibulat.eu\/ru\/gruppovoe-bronirovanie\/#breadcrumb\"},\"inLanguage\":\"ru-RU\",\"potentialAction\":[{\"@type\":\"ReadAction\",\"target\":[\"https:\/\/kolmsibulat.eu\/ru\/gruppovoe-bronirovanie\/\"]}]},{\"@type\":\"ImageObject\",\"inLanguage\":\"ru-RU\",\"@id\":\"https:\/\/kolmsibulat.eu\/ru\/gruppovoe-bronirovanie\/#primaryimage\",\"url\":\"https:\/\/kolmsibulat.eu\/wp-content\/uploads\/2024\/05\/kolm-sibulat-17.jpg\",\"contentUrl\":\"https:\/\/kolmsibulat.eu\/wp-content\/uploads\/2024\/05\/kolm-sibulat-17.jpg\"},{\"@type\":\"BreadcrumbList\",\"@id\":\"https:\/\/kolmsibulat.eu\/ru\/gruppovoe-bronirovanie\/#breadcrumb\",\"itemListElement\":[{\"@type\":\"ListItem\",\"position\":1,\"name\":\"Home\",\"item\":\"https:\/\/kolmsibulat.eu\/ru\/\"},{\"@type\":\"ListItem\",\"position\":2,\"name\":\"\u0413\u0440\u0443\u043f\u043f\u043e\u0432\u043e\u0435 \u0431\u0440\u043e\u043d\u0438\u0440\u043e\u0432\u0430\u043d\u0438\u0435\"}]},{\"@type\":\"WebSite\",\"@id\":\"https:\/\/kolmsibulat.eu\/#website\",\"url\":\"https:\/\/kolmsibulat.eu\/\",\"name\":\"Kolm Sibulat\",\"description\":\"\\r\\n\u0420\u0435\u0441\u0442\u043e\u0440\u0430\u043d \u043d\u0430 \u0433\u0440\u0430\u043d\u0438\u0446\u0435 \u041f\u0435\u043b\u0433\u0443\u043b\u0438\u043d\u043d \u0438 \u041a\u0430\u043b\u0430\u043c\u0430\u044f \u0432 \u0422\u0430\u043b\u043b\u0438\u043d\u0435\",\"potentialAction\":[{\"@type\":\"SearchAction\",\"target\":{\"@type\":\"EntryPoint\",\"urlTemplate\":\"https:\/\/kolmsibulat.eu\/?s={search_term_string}\"},\"query-input\":{\"@type\":\"PropertyValueSpecification\",\"valueRequired\":true,\"valueName\":\"search_term_string\"}}],\"inLanguage\":\"ru-RU\"}]}<\/script>\n<!-- \/ Yoast SEO plugin. -->","yoast_head_json":{"title":"\u0413\u0440\u0443\u043f\u043f\u043e\u0432\u043e\u0435 \u0431\u0440\u043e\u043d\u0438\u0440\u043e\u0432\u0430\u043d\u0438\u0435 - Kolm Sibulat - \u041c\u0435\u0440\u043e\u043f\u0440\u0438\u044f\u0442\u0438\u0435 \u0432 \u0440\u0435\u0441\u0442\u043e\u0440\u0430\u043d\u0435","description":"\u0413\u0440\u0443\u043f\u043f\u043e\u0432\u044b\u0435 \u0431\u0440\u043e\u043d\u0438\u0440\u043e\u0432\u0430\u043d\u0438\u044f \u0434\u043b\u044f \u043f\u0440\u0430\u0437\u0434\u043d\u043e\u0432\u0430\u043d\u0438\u044f \u0434\u043d\u0435\u0439 \u0440\u043e\u0436\u0434\u0435\u043d\u0438\u0439, \u043a\u043e\u0440\u043f\u043e\u0440\u0430\u0442\u0438\u0432\u043d\u044b\u0445 \u043c\u0435\u0440\u043e\u043f\u0440\u0438\u044f\u0442\u0438\u0439 \u0438 \u0434\u0440\u0443\u0433\u0438\u0445 \u0441\u043e\u0431\u044b\u0442\u0438\u0439. \u0420\u0435\u0441\u0442\u043e\u0440\u0430\u043d Kolm Sibulat \u0432\u043c\u0435\u0449\u0430\u0435\u0442 \u0434\u043e 100 \u0433\u043e\u0441\u0442\u0435\u0439.","robots":{"index":"index","follow":"follow","max-snippet":"max-snippet:-1","max-image-preview":"max-image-preview:large","max-video-preview":"max-video-preview:-1"},"canonical":"https:\/\/kolmsibulat.eu\/ru\/gruppovoe-bronirovanie\/","og_locale":"ru_RU","og_type":"article","og_title":"\u0413\u0440\u0443\u043f\u043f\u043e\u0432\u043e\u0435 \u0431\u0440\u043e\u043d\u0438\u0440\u043e\u0432\u0430\u043d\u0438\u0435 - Kolm Sibulat - \u041c\u0435\u0440\u043e\u043f\u0440\u0438\u044f\u0442\u0438\u0435 \u0432 \u0440\u0435\u0441\u0442\u043e\u0440\u0430\u043d\u0435","og_description":"\u0413\u0440\u0443\u043f\u043f\u043e\u0432\u044b\u0435 \u0431\u0440\u043e\u043d\u0438\u0440\u043e\u0432\u0430\u043d\u0438\u044f \u0434\u043b\u044f \u043f\u0440\u0430\u0437\u0434\u043d\u043e\u0432\u0430\u043d\u0438\u044f \u0434\u043d\u0435\u0439 \u0440\u043e\u0436\u0434\u0435\u043d\u0438\u0439, \u043a\u043e\u0440\u043f\u043e\u0440\u0430\u0442\u0438\u0432\u043d\u044b\u0445 \u043c\u0435\u0440\u043e\u043f\u0440\u0438\u044f\u0442\u0438\u0439 \u0438 \u0434\u0440\u0443\u0433\u0438\u0445 \u0441\u043e\u0431\u044b\u0442\u0438\u0439. \u0420\u0435\u0441\u0442\u043e\u0440\u0430\u043d Kolm Sibulat \u0432\u043c\u0435\u0449\u0430\u0435\u0442 \u0434\u043e 100 \u0433\u043e\u0441\u0442\u0435\u0439.","og_url":"https:\/\/kolmsibulat.eu\/ru\/gruppovoe-bronirovanie\/","og_site_name":"Kolm Sibulat","article_modified_time":"2025-11-06T12:40:47+00:00","og_image":[{"url":"https:\/\/kolmsibulat.eu\/wp-content\/uploads\/2024\/05\/kolm-sibulat-17.jpg","type":"","width":"","height":""}],"twitter_card":"summary_large_image","twitter_misc":{"\u041f\u0440\u0438\u043c\u0435\u0440\u043d\u043e\u0435 \u0432\u0440\u0435\u043c\u044f \u0434\u043b\u044f \u0447\u0442\u0435\u043d\u0438\u044f":"3 \u043c\u0438\u043d\u0443\u0442\u044b"},"schema":{"@context":"https:\/\/schema.org","@graph":[{"@type":"WebPage","@id":"https:\/\/kolmsibulat.eu\/ru\/gruppovoe-bronirovanie\/","url":"https:\/\/kolmsibulat.eu\/ru\/gruppovoe-bronirovanie\/","name":"\u0413\u0440\u0443\u043f\u043f\u043e\u0432\u043e\u0435 \u0431\u0440\u043e\u043d\u0438\u0440\u043e\u0432\u0430\u043d\u0438\u0435 - Kolm Sibulat - \u041c\u0435\u0440\u043e\u043f\u0440\u0438\u044f\u0442\u0438\u0435 \u0432 \u0440\u0435\u0441\u0442\u043e\u0440\u0430\u043d\u0435","isPartOf":{"@id":"https:\/\/kolmsibulat.eu\/#website"},"primaryImageOfPage":{"@id":"https:\/\/kolmsibulat.eu\/ru\/gruppovoe-bronirovanie\/#primaryimage"},"image":{"@id":"https:\/\/kolmsibulat.eu\/ru\/gruppovoe-bronirovanie\/#primaryimage"},"thumbnailUrl":"https:\/\/kolmsibulat.eu\/wp-content\/uploads\/2024\/05\/kolm-sibulat-17.jpg","datePublished":"2025-01-10T11:47:56+00:00","dateModified":"2025-11-06T12:40:47+00:00","description":"\u0413\u0440\u0443\u043f\u043f\u043e\u0432\u044b\u0435 \u0431\u0440\u043e\u043d\u0438\u0440\u043e\u0432\u0430\u043d\u0438\u044f \u0434\u043b\u044f \u043f\u0440\u0430\u0437\u0434\u043d\u043e\u0432\u0430\u043d\u0438\u044f \u0434\u043d\u0435\u0439 \u0440\u043e\u0436\u0434\u0435\u043d\u0438\u0439, \u043a\u043e\u0440\u043f\u043e\u0440\u0430\u0442\u0438\u0432\u043d\u044b\u0445 \u043c\u0435\u0440\u043e\u043f\u0440\u0438\u044f\u0442\u0438\u0439 \u0438 \u0434\u0440\u0443\u0433\u0438\u0445 \u0441\u043e\u0431\u044b\u0442\u0438\u0439. \u0420\u0435\u0441\u0442\u043e\u0440\u0430\u043d Kolm Sibulat \u0432\u043c\u0435\u0449\u0430\u0435\u0442 \u0434\u043e 100 \u0433\u043e\u0441\u0442\u0435\u0439.","breadcrumb":{"@id":"https:\/\/kolmsibulat.eu\/ru\/gruppovoe-bronirovanie\/#breadcrumb"},"inLanguage":"ru-RU","potentialAction":[{"@type":"ReadAction","target":["https:\/\/kolmsibulat.eu\/ru\/gruppovoe-bronirovanie\/"]}]},{"@type":"ImageObject","inLanguage":"ru-RU","@id":"https:\/\/kolmsibulat.eu\/ru\/gruppovoe-bronirovanie\/#primaryimage","url":"https:\/\/kolmsibulat.eu\/wp-content\/uploads\/2024\/05\/kolm-sibulat-17.jpg","contentUrl":"https:\/\/kolmsibulat.eu\/wp-content\/uploads\/2024\/05\/kolm-sibulat-17.jpg"},{"@type":"BreadcrumbList","@id":"https:\/\/kolmsibulat.eu\/ru\/gruppovoe-bronirovanie\/#breadcrumb","itemListElement":[{"@type":"ListItem","position":1,"name":"Home","item":"https:\/\/kolmsibulat.eu\/ru\/"},{"@type":"ListItem","position":2,"name":"\u0413\u0440\u0443\u043f\u043f\u043e\u0432\u043e\u0435 \u0431\u0440\u043e\u043d\u0438\u0440\u043e\u0432\u0430\u043d\u0438\u0435"}]},{"@type":"WebSite","@id":"https:\/\/kolmsibulat.eu\/#website","url":"https:\/\/kolmsibulat.eu\/","name":"Kolm Sibulat","description":"\r\n\u0420\u0435\u0441\u0442\u043e\u0440\u0430\u043d \u043d\u0430 \u0433\u0440\u0430\u043d\u0438\u0446\u0435 \u041f\u0435\u043b\u0433\u0443\u043b\u0438\u043d\u043d \u0438 \u041a\u0430\u043b\u0430\u043c\u0430\u044f \u0432 \u0422\u0430\u043b\u043b\u0438\u043d\u0435","potentialAction":[{"@type":"SearchAction","target":{"@type":"EntryPoint","urlTemplate":"https:\/\/kolmsibulat.eu\/?s={search_term_string}"},"query-input":{"@type":"PropertyValueSpecification","valueRequired":true,"valueName":"search_term_string"}}],"inLanguage":"ru-RU"}]}},"_links":{"self":[{"href":"https:\/\/kolmsibulat.eu\/ru\/wp-json\/wp\/v2\/pages\/11729","targetHints":{"allow":["GET"]}}],"collection":[{"href":"https:\/\/kolmsibulat.eu\/ru\/wp-json\/wp\/v2\/pages"}],"about":[{"href":"https:\/\/kolmsibulat.eu\/ru\/wp-json\/wp\/v2\/types\/page"}],"author":[{"embeddable":true,"href":"https:\/\/kolmsibulat.eu\/ru\/wp-json\/wp\/v2\/users\/6"}],"replies":[{"embeddable":true,"href":"https:\/\/kolmsibulat.eu\/ru\/wp-json\/wp\/v2\/comments?post=11729"}],"version-history":[{"count":5,"href":"https:\/\/kolmsibulat.eu\/ru\/wp-json\/wp\/v2\/pages\/11729\/revisions"}],"predecessor-version":[{"id":12142,"href":"https:\/\/kolmsibulat.eu\/ru\/wp-json\/wp\/v2\/pages\/11729\/revisions\/12142"}],"wp:attachment":[{"href":"https:\/\/kolmsibulat.eu\/ru\/wp-json\/wp\/v2\/media?parent=11729"}],"curies":[{"name":"wp","href":"https:\/\/api.w.org\/{rel}","templated":true}]}}